{"id":82,"date":"2020-06-03T20:55:10","date_gmt":"2020-06-03T17:55:10","guid":{"rendered":"http:\/\/demo.safirtema.com\/rota\/?page_id=82"},"modified":"2024-11-09T22:41:42","modified_gmt":"2024-11-09T19:41:42","slug":"uber-uns","status":"publish","type":"page","link":"https:\/\/plissquito.com\/index.php\/uber-uns\/","title":{"rendered":"\u00dcber uns"},"content":{"rendered":"\n<figure class=\"wp-block-image size-large\"><img loading=\"lazy\" decoding=\"async\" width=\"1000\" height=\"570\" src=\"https:\/\/plissquito.com\/wp-content\/uploads\/2020\/06\/about.jpg\" alt=\"\" class=\"wp-image-83\" srcset=\"https:\/\/plissquito.com\/wp-content\/uploads\/2020\/06\/about.jpg 1000w, https:\/\/plissquito.com\/wp-content\/uploads\/2020\/06\/about-300x171.jpg 300w, https:\/\/plissquito.com\/wp-content\/uploads\/2020\/06\/about-768x438.jpg 768w\" sizes=\"auto, (max-width: 1000px) 100vw, 1000px\" \/><\/figure>\n\n\n\n<div class=\"wp-block-safirtema-mainheading mainHeading\"><div class=\"inner\"><div class=\"icon safiricon\"><svg class=\"safiricon-icon37\"><use href=\"#safiricon-icon37\"><\/use><\/svg><\/div><div class=\"text\">Plissquito<\/div><\/div><\/div>\n\n\n\n<p>Willkommen bei Plissquito, Ihrem Spezialisten f\u00fcr hochwertige Plisseescreens. Unsere L\u00f6sungen bieten effektiven Schutz vor Insekten und versch\u00f6nern Ihr Zuhause. Mit Liebe zum Detail entwickeln wir Produkte, die Funktionalit\u00e4t und Design vereinen. Jedes Produkt wird individuell auf Ihre W\u00fcnsche abgestimmt. Qualit\u00e4t und Nachhaltigkeit sind unsere Priorit\u00e4ten. Vertrauen Sie auf unsere Erfahrung und entdecken Sie die Vielfalt unserer Angebote!.<\/p>\n\n\n\n<div class=\"wp-block-safirtema-mainheading mainHeading\"><div class=\"inner\"><div class=\"icon safiricon\"><svg class=\"safiricon-icon35\"><use href=\"#safiricon-icon35\"><\/use><\/svg><\/div><div class=\"text\">Ihr L\u00f6sungspartner<\/div><\/div><\/div>\n\n\n\n<ul class=\"wp-block-list\">\n<li>Ihr Partner f\u00fcr effektiven Insektenschutz<\/li>\n\n\n\n<li>Gemeinsam gegen Insekten: Ihre L\u00f6sungspartner<\/li>\n\n\n\n<li>Ma\u00dfgeschneiderte Sineklik-L\u00f6sungen f\u00fcr Ihr Zuhause<\/li>\n\n\n\n<li>Vertrauen Sie auf unsere Expertise im Insektenschutz<\/li>\n<\/ul>\n\n\n\n<p><\/p>\n\n\n\n<div class=\"wp-block-safirtema-mainheading mainHeading\"><div class=\"inner\"><div class=\"icon safiricon\"><svg class=\"safiricon-icon25\"><use href=\"#safiricon-icon25\"><\/use><\/svg><\/div><div class=\"text\">Wie arbeiten wir?<\/div><\/div><\/div>\n\n\n\n<div class=\"wp-block-safirtema-sorucevap safir-faq\"><div class=\"question\"><div class=\"icon\"><\/div><span class=\"text\">Wie wir arbeiten<\/span><div class=\"openclose plus\"><\/div><\/div><p class=\"answer\">Bei uns steht der Kunde im Mittelpunkt. Unser Prozess beginnt mit einem pers\u00f6nlichen Beratungsgespr\u00e4ch, in dem wir Ihre Bed\u00fcrfnisse und W\u00fcnsche ermitteln. Anschlie\u00dfend erstellen wir ein ma\u00dfgeschneidertes Angebot f\u00fcr hochwertige Insektenschutzl\u00f6sungen. Nach Ihrer Zustimmung erfolgt die professionelle Installation durch unser erfahrenes Team. Wir legen gro\u00dfen Wert auf Qualit\u00e4t und Kundenzufriedenheit, daher bieten wir auch einen umfassenden Wartungsservice an, um sicherzustellen, dass Ihr Insektenschutz stets optimal funktioniert. Vertrauen Sie auf unsere Expertise f\u00fcr ein sicheres und angenehmes Zuhause!<\/p><\/div>\n\n\n\n<p><\/p>\n\n\n\n<div class=\"wp-block-safirtema-bgtext descriptionbox railways\"><div class=\"inner\"><div class=\"icon safiricon\"><svg class=\"safiricon-icon8\"><use href=\"#safiricon-icon8\"><\/use><\/svg><\/div><div class=\"header\">Professioneller Service<\/div><div class=\"content\">Gesundes Leben<\/div><\/div><\/div>\n\n\n\n<p>Dar\u00fcber hinaus legen wir gro\u00dfen Wert auf die langfristige Zufriedenheit unserer Kunden. Deshalb bieten wir auch einen umfassenden Wartungsservice an. Dieser stellt sicher, dass Ihr Insektenschutz stets optimal funktioniert und Sie sich in Ihrem Zuhause wohlf\u00fchlen k\u00f6nnen.<\/p>\n\n\n\n<a class=\"wp-block-safirtema-safirbutton safirButton safiricon icon18\" href=\"https:\/\/plissquito.com\" rel=\"\"><div class=\"icon safiricon\"><svg class=\"safiricon-icon18\"><use href=\"#safiricon-icon18\"><\/use><\/svg><\/div>HOME<\/a>\n\n\n\n<p><\/p>\n","protected":false},"excerpt":{"rendered":"<p>Willkommen bei Plissquito, Ihrem Spezialisten f\u00fcr hochwertige Plisseescreens. Unsere L\u00f6sungen bieten effektiven Schutz vor Insekten und versch\u00f6nern Ihr Zuhause. Mit Liebe zum Detail entwickeln wir Produkte, die Funktionalit\u00e4t und Design vereinen. Jedes Produkt wird individuell auf Ihre W\u00fcnsche abgestimmt. Qualit\u00e4t und Nachhaltigkeit sind unsere Priorit\u00e4ten. Vertrauen Sie auf unsere Erfahrung und entdecken Sie die Vielfalt [&hellip;]<\/p>\n","protected":false},"author":1,"featured_media":0,"parent":0,"menu_order":0,"comment_status":"closed","ping_status":"closed","template":"","meta":{"footnotes":""},"class_list":["post-82","page","type-page","status-publish","hentry"],"aioseo_notices":[],"_links":{"self":[{"href":"https:\/\/plissquito.com\/index.php\/wp-json\/wp\/v2\/pages\/82","targetHints":{"allow":["GET"]}}],"collection":[{"href":"https:\/\/plissquito.com\/index.php\/wp-json\/wp\/v2\/pages"}],"about":[{"href":"https:\/\/plissquito.com\/index.php\/wp-json\/wp\/v2\/types\/page"}],"author":[{"embeddable":true,"href":"https:\/\/plissquito.com\/index.php\/wp-json\/wp\/v2\/users\/1"}],"replies":[{"embeddable":true,"href":"https:\/\/plissquito.com\/index.php\/wp-json\/wp\/v2\/comments?post=82"}],"version-history":[{"count":10,"href":"https:\/\/plissquito.com\/index.php\/wp-json\/wp\/v2\/pages\/82\/revisions"}],"predecessor-version":[{"id":394,"href":"https:\/\/plissquito.com\/index.php\/wp-json\/wp\/v2\/pages\/82\/revisions\/394"}],"wp:attachment":[{"href":"https:\/\/plissquito.com\/index.php\/wp-json\/wp\/v2\/media?parent=82"}],"curies":[{"name":"wp","href":"https:\/\/api.w.org\/{rel}","templated":true}]}}