{"id":470,"date":"2025-08-02T13:31:16","date_gmt":"2025-08-02T10:31:16","guid":{"rendered":"https:\/\/plissquito.com\/?page_id=470"},"modified":"2025-08-02T13:33:09","modified_gmt":"2025-08-02T10:33:09","slug":"impressum","status":"publish","type":"page","link":"https:\/\/plissquito.com\/index.php\/impressum\/","title":{"rendered":"Impressum"},"content":{"rendered":"<div class=\"wp-block-image\">\n<figure class=\"aligncenter size-large is-resized\"><img loading=\"lazy\" decoding=\"async\" width=\"1024\" height=\"265\" src=\"https:\/\/plissquito.com\/wp-content\/uploads\/2024\/11\/IMG_8952-1024x265.jpeg\" alt=\"\" class=\"wp-image-396\" style=\"width:588px;height:auto\" srcset=\"https:\/\/plissquito.com\/wp-content\/uploads\/2024\/11\/IMG_8952-1024x265.jpeg 1024w, https:\/\/plissquito.com\/wp-content\/uploads\/2024\/11\/IMG_8952-300x78.jpeg 300w, https:\/\/plissquito.com\/wp-content\/uploads\/2024\/11\/IMG_8952-768x199.jpeg 768w, https:\/\/plissquito.com\/wp-content\/uploads\/2024\/11\/IMG_8952-1536x398.jpeg 1536w, https:\/\/plissquito.com\/wp-content\/uploads\/2024\/11\/IMG_8952-2048x531.jpeg 2048w\" sizes=\"auto, (max-width: 1024px) 100vw, 1024px\" \/><\/figure><\/div>\n\n\n<h1 class=\"wp-block-heading has-text-align-center\"><\/h1>\n\n\n\n<p>G\u00fclbahar &amp; \u00d6zel GbR<br>PLISSQUITO<br>vertretungsberechtigte Gesellschafter: G\u00f6khan G\u00fclbahar und Hasan \u00d6zel<br><\/p>\n\n\n\n<p>R\u00f6merstr. 123<br>50127 Bergheim<br>Deutschland<\/p>\n\n\n\n<p>Tel.: +49 01727414528<br>Tel.: +49 01783078134<br>Tel.: +49 01624036660<br>E-Mail: info@plissquito.com<\/p>\n\n\n\n<p>Umsatzsteuer-Identifikationsnummer: 11 203 5840 2642 57 2541<\/p>\n\n\n\n<p>Wir sind zur Teilnahme an einem Streitbeilegungsverfahren vor einer Verbraucherschlichtungsstelle weder verpflichtet noch bereit.<\/p>\n\n\n\n<p><\/p>\n","protected":false},"excerpt":{"rendered":"<p>G\u00fclbahar &amp; \u00d6zel GbRPLISSQUITOvertretungsberechtigte Gesellschafter: G\u00f6khan G\u00fclbahar und Hasan \u00d6zel R\u00f6merstr. 12350127 BergheimDeutschland Tel.: +49 01727414528Tel.: +49 01783078134Tel.: +49 01624036660E-Mail: info@plissquito.com Umsatzsteuer-Identifikationsnummer: 11 203 5840 2642 57 2541 Wir sind zur Teilnahme an einem Streitbeilegungsverfahren vor einer Verbraucherschlichtungsstelle weder verpflichtet noch bereit.<\/p>\n","protected":false},"author":1,"featured_media":0,"parent":0,"menu_order":0,"comment_status":"closed","ping_status":"closed","template":"","meta":{"footnotes":""},"class_list":["post-470","page","type-page","status-publish","hentry"],"aioseo_notices":[],"_links":{"self":[{"href":"https:\/\/plissquito.com\/index.php\/wp-json\/wp\/v2\/pages\/470","targetHints":{"allow":["GET"]}}],"collection":[{"href":"https:\/\/plissquito.com\/index.php\/wp-json\/wp\/v2\/pages"}],"about":[{"href":"https:\/\/plissquito.com\/index.php\/wp-json\/wp\/v2\/types\/page"}],"author":[{"embeddable":true,"href":"https:\/\/plissquito.com\/index.php\/wp-json\/wp\/v2\/users\/1"}],"replies":[{"embeddable":true,"href":"https:\/\/plissquito.com\/index.php\/wp-json\/wp\/v2\/comments?post=470"}],"version-history":[{"count":3,"href":"https:\/\/plissquito.com\/index.php\/wp-json\/wp\/v2\/pages\/470\/revisions"}],"predecessor-version":[{"id":475,"href":"https:\/\/plissquito.com\/index.php\/wp-json\/wp\/v2\/pages\/470\/revisions\/475"}],"wp:attachment":[{"href":"https:\/\/plissquito.com\/index.php\/wp-json\/wp\/v2\/media?parent=470"}],"curies":[{"name":"wp","href":"https:\/\/api.w.org\/{rel}","templated":true}]}}